{"id":43,"date":"2020-10-26T14:43:36","date_gmt":"2020-10-26T13:43:36","guid":{"rendered":""},"modified":"2026-03-09T10:58:43","modified_gmt":"2026-03-09T09:58:43","slug":"impressum","status":"publish","type":"page","link":"https:\/\/www.buntstuecke.at\/?page_id=43","title":{"rendered":"Impressum"},"content":{"rendered":"<p>Buntst\u00fccke<\/p>\n<p>Inhaberin: Diana-Marlen Post-G\u00fcrol<\/p>\n<p>GISA-Zahl:\u00a0 33093772<\/p>\n<p>Sitz: 1230 Wien<\/p>\n<p>E-Mail: info@buntstuecke.at<\/p>\n<p>Instagram: buntstuecke_handmadejewelry<\/p>\n<p>Erzeugung von kunstgewerblichen Zier- und Schmuckgegenst\u00e4nden aus unedlen Metallen, Draht, Gips, Beton, Holz, Horn, Kunststoff, Leder, textilen Materialien, Stroh, Papier und Glaselementen, Gem\u00fcse und Obst sowie durch F\u00e4deln von Edelsteinen, Silber-, Glas-, Kunststoff- und Filzelementen und das Bemalen und das Verzieren von Holz, Keramik, Porzellan, Seide, Textilien, Billets und Wachswaren.<\/p>\n<p>Urheberrecht<\/p>\n<p>Texte, Bilder und s\u00e4mtliche auf der Webseite ver\u00f6ffentlichte Werke unterliegen dem Urheberrecht von Diana-Marlen Post-G\u00fcrol. Jedwede Vervielf\u00e4ltigung, Speicherung, \u00dcbermittlung, Wieder- bzw. Weitergabe oder Verbreitung der Inhalte bed\u00fcrfen der schriftlichen Zusage von Diana-Marlen Post-G\u00fcrol.<\/p>\n\n\n<p><\/p>\n","protected":false},"excerpt":{"rendered":"<p>Buntst\u00fccke Inhaberin: Diana-Marlen Post-G\u00fcrol GISA-Zahl:\u00a0 33093772 Sitz: 1230 Wien E-Mail: info@buntstuecke.at Instagram: buntstuecke_handmadejewelry Erzeugung von kunstgewerblichen Zier- und Schmuckgegenst\u00e4nden aus unedlen Metallen, Draht, Gips, Beton, Holz, Horn, Kunststoff, Leder, textilen Materialien, Stroh, Papier und Glaselementen, Gem\u00fcse und Obst sowie durch F\u00e4deln von Edelsteinen, Silber-, Glas-, Kunststoff- und Filzelementen und das Bemalen und das Verzieren von [&hellip;]<\/p>\n","protected":false},"author":1,"featured_media":0,"parent":0,"menu_order":0,"comment_status":"closed","ping_status":"closed","template":"","meta":{"advanced_seo_description":"","jetpack_seo_html_title":"","jetpack_seo_noindex":false,"footnotes":""},"class_list":["post-43","page","type-page","status-publish","hentry"],"jetpack_sharing_enabled":true,"_links":{"self":[{"href":"https:\/\/www.buntstuecke.at\/index.php?rest_route=\/wp\/v2\/pages\/43","targetHints":{"allow":["GET"]}}],"collection":[{"href":"https:\/\/www.buntstuecke.at\/index.php?rest_route=\/wp\/v2\/pages"}],"about":[{"href":"https:\/\/www.buntstuecke.at\/index.php?rest_route=\/wp\/v2\/types\/page"}],"author":[{"embeddable":true,"href":"https:\/\/www.buntstuecke.at\/index.php?rest_route=\/wp\/v2\/users\/1"}],"replies":[{"embeddable":true,"href":"https:\/\/www.buntstuecke.at\/index.php?rest_route=%2Fwp%2Fv2%2Fcomments&post=43"}],"version-history":[{"count":4,"href":"https:\/\/www.buntstuecke.at\/index.php?rest_route=\/wp\/v2\/pages\/43\/revisions"}],"predecessor-version":[{"id":5606,"href":"https:\/\/www.buntstuecke.at\/index.php?rest_route=\/wp\/v2\/pages\/43\/revisions\/5606"}],"wp:attachment":[{"href":"https:\/\/www.buntstuecke.at\/index.php?rest_route=%2Fwp%2Fv2%2Fmedia&parent=43"}],"curies":[{"name":"wp","href":"https:\/\/api.w.org\/{rel}","templated":true}]}}