{"id":842,"date":"2024-09-14T17:57:03","date_gmt":"2024-09-14T15:57:03","guid":{"rendered":"http:\/\/www.buntstuecke.at\/?page_id=842"},"modified":"2026-05-07T14:11:53","modified_gmt":"2026-05-07T12:11:53","slug":"events","status":"publish","type":"page","link":"https:\/\/www.buntstuecke.at\/?page_id=842","title":{"rendered":"Events"},"content":{"rendered":"\n<h2 class=\"wp-block-heading has-large-font-size\"><em>Hutladen GUT BEH\u00dcTET<\/em><\/h2>\n\n\n\n<p>Eine Auswahl an Buntst\u00fccken ist im Hutladen &#8222;Gut Beh\u00fctet&#8220; immer zu finden. Einfach in der Rauhensteingasse 7 in 1010 Wien vorbeischauen &#8230; Und vielleicht gleich den passenden Hut dazu aussuchen.<\/p>\n\n\n\n<h1 class=\"wp-block-heading has-large-font-size\"><em><strong>Bevorstehende M\u00e4rkte<\/strong><\/em> 2026<\/h1>\n\n\n<div class=\"wp-block-image\">\n<figure class=\"aligncenter size-full\"><img data-recalc-dims=\"1\" loading=\"lazy\" decoding=\"async\" width=\"980\" height=\"1742\" data-attachment-id=\"5772\" data-permalink=\"https:\/\/www.buntstuecke.at\/?attachment_id=5772\" data-orig-file=\"https:\/\/i0.wp.com\/www.buntstuecke.at\/wp-content\/uploads\/2026\/05\/Markttermine_20260507_134741_0000.png?fit=1080%2C1920&amp;ssl=1\" data-orig-size=\"1080,1920\" data-comments-opened=\"1\" data-image-meta=\"{&quot;aperture&quot;:&quot;0&quot;,&quot;credit&quot;:&quot;&quot;,&quot;camera&quot;:&quot;&quot;,&quot;caption&quot;:&quot;&quot;,&quot;created_timestamp&quot;:&quot;0&quot;,&quot;copyright&quot;:&quot;&quot;,&quot;focal_length&quot;:&quot;0&quot;,&quot;iso&quot;:&quot;0&quot;,&quot;shutter_speed&quot;:&quot;0&quot;,&quot;title&quot;:&quot;&quot;,&quot;orientation&quot;:&quot;0&quot;}\" data-image-title=\"Markttermine_20260507_134741_0000\" data-image-description=\"\" data-image-caption=\"\" data-large-file=\"https:\/\/i0.wp.com\/www.buntstuecke.at\/wp-content\/uploads\/2026\/05\/Markttermine_20260507_134741_0000.png?fit=576%2C1024&amp;ssl=1\" src=\"https:\/\/i0.wp.com\/www.buntstuecke.at\/wp-content\/uploads\/2026\/05\/Markttermine_20260507_134741_0000.png?resize=980%2C1742&#038;ssl=1\" alt=\"\" class=\"wp-image-5772\" srcset=\"https:\/\/i0.wp.com\/www.buntstuecke.at\/wp-content\/uploads\/2026\/05\/Markttermine_20260507_134741_0000.png?w=1080&amp;ssl=1 1080w, https:\/\/i0.wp.com\/www.buntstuecke.at\/wp-content\/uploads\/2026\/05\/Markttermine_20260507_134741_0000.png?resize=169%2C300&amp;ssl=1 169w, https:\/\/i0.wp.com\/www.buntstuecke.at\/wp-content\/uploads\/2026\/05\/Markttermine_20260507_134741_0000.png?resize=576%2C1024&amp;ssl=1 576w, https:\/\/i0.wp.com\/www.buntstuecke.at\/wp-content\/uploads\/2026\/05\/Markttermine_20260507_134741_0000.png?resize=768%2C1365&amp;ssl=1 768w, https:\/\/i0.wp.com\/www.buntstuecke.at\/wp-content\/uploads\/2026\/05\/Markttermine_20260507_134741_0000.png?resize=864%2C1536&amp;ssl=1 864w, https:\/\/i0.wp.com\/www.buntstuecke.at\/wp-content\/uploads\/2026\/05\/Markttermine_20260507_134741_0000.png?resize=416%2C740&amp;ssl=1 416w, https:\/\/i0.wp.com\/www.buntstuecke.at\/wp-content\/uploads\/2026\/05\/Markttermine_20260507_134741_0000.png?resize=34%2C60&amp;ssl=1 34w, https:\/\/i0.wp.com\/www.buntstuecke.at\/wp-content\/uploads\/2026\/05\/Markttermine_20260507_134741_0000.png?resize=51%2C90&amp;ssl=1 51w\" sizes=\"auto, (max-width: 980px) 100vw, 980px\" \/><\/figure>\n<\/div>\n\n\n<h3 class=\"wp-block-heading\"><\/h3>\n\n\n\n<p><strong><em>Ich freue mich schon auf Deinen Besuch!<\/em><\/strong><\/p>\n\n\n\n<p><\/p>\n","protected":false},"excerpt":{"rendered":"<p>Hutladen GUT BEH\u00dcTET Eine Auswahl an Buntst\u00fccken ist im Hutladen &#8222;Gut Beh\u00fctet&#8220; immer zu finden. Einfach in der Rauhensteingasse 7 in 1010 Wien vorbeischauen &#8230; Und vielleicht gleich den passenden Hut dazu aussuchen. Bevorstehende M\u00e4rkte 2026 Ich freue mich schon auf Deinen Besuch!<\/p>\n","protected":false},"author":1,"featured_media":0,"parent":0,"menu_order":0,"comment_status":"closed","ping_status":"closed","template":"","meta":{"advanced_seo_description":"","jetpack_seo_html_title":"","jetpack_seo_noindex":false,"footnotes":""},"class_list":["post-842","page","type-page","status-publish","hentry"],"jetpack_sharing_enabled":true,"_links":{"self":[{"href":"https:\/\/www.buntstuecke.at\/index.php?rest_route=\/wp\/v2\/pages\/842","targetHints":{"allow":["GET"]}}],"collection":[{"href":"https:\/\/www.buntstuecke.at\/index.php?rest_route=\/wp\/v2\/pages"}],"about":[{"href":"https:\/\/www.buntstuecke.at\/index.php?rest_route=\/wp\/v2\/types\/page"}],"author":[{"embeddable":true,"href":"https:\/\/www.buntstuecke.at\/index.php?rest_route=\/wp\/v2\/users\/1"}],"replies":[{"embeddable":true,"href":"https:\/\/www.buntstuecke.at\/index.php?rest_route=%2Fwp%2Fv2%2Fcomments&post=842"}],"version-history":[{"count":31,"href":"https:\/\/www.buntstuecke.at\/index.php?rest_route=\/wp\/v2\/pages\/842\/revisions"}],"predecessor-version":[{"id":5774,"href":"https:\/\/www.buntstuecke.at\/index.php?rest_route=\/wp\/v2\/pages\/842\/revisions\/5774"}],"wp:attachment":[{"href":"https:\/\/www.buntstuecke.at\/index.php?rest_route=%2Fwp%2Fv2%2Fmedia&parent=842"}],"curies":[{"name":"wp","href":"https:\/\/api.w.org\/{rel}","templated":true}]}}