{"id":3247,"date":"2024-05-12T18:11:22","date_gmt":"2024-05-12T16:11:22","guid":{"rendered":"https:\/\/www.buntstuecke.at\/?post_type=product&#038;p=3247"},"modified":"2025-08-19T21:41:26","modified_gmt":"2025-08-19T19:41:26","slug":"ohrringe-florentincelle-11","status":"publish","type":"product","link":"https:\/\/www.buntstuecke.at\/?product=ohrringe-florentincelle-11","title":{"rendered":"Ohrringe Flor\u00e9ntincelle (Wechselanh\u00e4nger)"},"content":{"rendered":"","protected":false},"excerpt":{"rendered":"<p>HANDGEMACHT<\/p>\n<p>Material: Getrockneter Rose umh\u00fcllt mit Epxoxidharz<\/p>\n<p>Creolen: Edelstahl<\/p>\n<p>Mix &amp; Match<\/p>\n<p>Die Creole kann auch ohne Blumenanh\u00e4nger getragen werden. Du kannst auch einen beliebigen Anh\u00e4nger aufsetzen. Der Blumenanh\u00e4nger kann leicht abgenommen werden.<\/p>\n<p><em>Damit Du lange Freude hast mit den Buntst\u00fccken gehe achtsam mit Ihnen um. Alle Buntst\u00fccke sind Unikate und von Hand gefertigt. Aus diesem Grund k\u00f6nnen kleine Unebenheiten entstehen, die die Wirkung nicht beeintr\u00e4chtigen. Ja, sogar gew\u00fcnscht sind, weil ich Individualit\u00e4t sch\u00e4tze. Die Tr\u00e4gerin der Buntst\u00fccke sind eben auch einzigartig und haben Ecken und Kanten oder auch Rundungen.<\/em><\/p>\n","protected":false},"featured_media":4771,"comment_status":"open","ping_status":"closed","template":"","meta":{"advanced_seo_description":"","jetpack_seo_html_title":"","jetpack_seo_noindex":false},"product_brand":[],"product_cat":[59],"product_tag":[],"class_list":{"0":"post-3247","1":"product","2":"type-product","3":"status-publish","4":"has-post-thumbnail","6":"product_cat-kollektion-floretincelle","8":"first","9":"instock","10":"shipping-taxable","11":"purchasable","12":"product-type-simple"},"jetpack_sharing_enabled":true,"_links":{"self":[{"href":"https:\/\/www.buntstuecke.at\/index.php?rest_route=\/wp\/v2\/product\/3247","targetHints":{"allow":["GET"]}}],"collection":[{"href":"https:\/\/www.buntstuecke.at\/index.php?rest_route=\/wp\/v2\/product"}],"about":[{"href":"https:\/\/www.buntstuecke.at\/index.php?rest_route=\/wp\/v2\/types\/product"}],"replies":[{"embeddable":true,"href":"https:\/\/www.buntstuecke.at\/index.php?rest_route=%2Fwp%2Fv2%2Fcomments&post=3247"}],"wp:featuredmedia":[{"embeddable":true,"href":"https:\/\/www.buntstuecke.at\/index.php?rest_route=\/wp\/v2\/media\/4771"}],"wp:attachment":[{"href":"https:\/\/www.buntstuecke.at\/index.php?rest_route=%2Fwp%2Fv2%2Fmedia&parent=3247"}],"wp:term":[{"taxonomy":"product_brand","embeddable":true,"href":"https:\/\/www.buntstuecke.at\/index.php?rest_route=%2Fwp%2Fv2%2Fproduct_brand&post=3247"},{"taxonomy":"product_cat","embeddable":true,"href":"https:\/\/www.buntstuecke.at\/index.php?rest_route=%2Fwp%2Fv2%2Fproduct_cat&post=3247"},{"taxonomy":"product_tag","embeddable":true,"href":"https:\/\/www.buntstuecke.at\/index.php?rest_route=%2Fwp%2Fv2%2Fproduct_tag&post=3247"}],"curies":[{"name":"wp","href":"https:\/\/api.w.org\/{rel}","templated":true}]}}