{"id":4167,"date":"2025-01-26T20:14:54","date_gmt":"2025-01-26T19:14:54","guid":{"rendered":"https:\/\/www.buntstuecke.at\/?post_type=product&#038;p=4167"},"modified":"2026-01-06T21:38:17","modified_gmt":"2026-01-06T20:38:17","slug":"rosen-ring-2","status":"publish","type":"product","link":"https:\/\/www.buntstuecke.at\/?product=rosen-ring-2","title":{"rendered":"Leberbl\u00fcmchen-Ring"},"content":{"rendered":"","protected":false},"excerpt":{"rendered":"<blockquote>\n<p style=\"padding-left: 80px; text-align: left;\">Ring mit einer getrocknetem Leberbl\u00fcmchenbl\u00fcte mit Epoxidharz umh\u00fcllt.<\/p>\n<\/blockquote>\n","protected":false},"featured_media":5365,"comment_status":"open","ping_status":"closed","template":"","meta":{"advanced_seo_description":"","jetpack_seo_html_title":"","jetpack_seo_noindex":false},"product_brand":[],"product_cat":[36],"product_tag":[],"class_list":{"0":"post-4167","1":"product","2":"type-product","3":"status-publish","4":"has-post-thumbnail","6":"product_cat-rings","8":"first","9":"instock","10":"taxable","11":"shipping-taxable","12":"purchasable","13":"product-type-simple"},"jetpack_sharing_enabled":true,"_links":{"self":[{"href":"https:\/\/www.buntstuecke.at\/index.php?rest_route=\/wp\/v2\/product\/4167","targetHints":{"allow":["GET"]}}],"collection":[{"href":"https:\/\/www.buntstuecke.at\/index.php?rest_route=\/wp\/v2\/product"}],"about":[{"href":"https:\/\/www.buntstuecke.at\/index.php?rest_route=\/wp\/v2\/types\/product"}],"replies":[{"embeddable":true,"href":"https:\/\/www.buntstuecke.at\/index.php?rest_route=%2Fwp%2Fv2%2Fcomments&post=4167"}],"wp:featuredmedia":[{"embeddable":true,"href":"https:\/\/www.buntstuecke.at\/index.php?rest_route=\/wp\/v2\/media\/5365"}],"wp:attachment":[{"href":"https:\/\/www.buntstuecke.at\/index.php?rest_route=%2Fwp%2Fv2%2Fmedia&parent=4167"}],"wp:term":[{"taxonomy":"product_brand","embeddable":true,"href":"https:\/\/www.buntstuecke.at\/index.php?rest_route=%2Fwp%2Fv2%2Fproduct_brand&post=4167"},{"taxonomy":"product_cat","embeddable":true,"href":"https:\/\/www.buntstuecke.at\/index.php?rest_route=%2Fwp%2Fv2%2Fproduct_cat&post=4167"},{"taxonomy":"product_tag","embeddable":true,"href":"https:\/\/www.buntstuecke.at\/index.php?rest_route=%2Fwp%2Fv2%2Fproduct_tag&post=4167"}],"curies":[{"name":"wp","href":"https:\/\/api.w.org\/{rel}","templated":true}]}}