{"id":4966,"date":"2025-08-21T12:55:51","date_gmt":"2025-08-21T10:55:51","guid":{"rendered":"http:\/\/www.buntstuecke.at\/?post_type=product&#038;p=4966"},"modified":"2025-08-21T19:29:03","modified_gmt":"2025-08-21T17:29:03","slug":"ohrringe-floretincelle-wechselanhaenger","status":"publish","type":"product","link":"https:\/\/www.buntstuecke.at\/?product=ohrringe-floretincelle-wechselanhaenger","title":{"rendered":"Ohrringe Floretincelle (Wechselanh\u00e4nger)"},"content":{"rendered":"<p>HANDGEMACHT<\/p>\n<p>Material: Bl\u00fcte (M\u00e4dchenauge) in Epoxidharz<\/p>\n<p>Eckige Creole: Edelstahl vergoldet<\/p>\n<p>Mix &amp; Match<\/p>\n<p>Die Creole kann auch ohne Blumenanh\u00e4nger getragen werden. Du kannst auch einen beliebigen Anh\u00e4nger aufsetzen. Der Blumenanh\u00e4nger kann leicht abgenommen werden.<\/p>\n","protected":false},"excerpt":{"rendered":"<p style=\"padding-left: 120px; text-align: left;\">HANDGEMACHT<\/p>\n<blockquote><p>Material: Getrocknete Narzisse in Epoxidharz<\/p><\/blockquote>\n<p>Eckige Creole: Edelstahl vergoldet<\/p>\n<p><em>Damit Du lange Freude hast mit den Buntst\u00fccken gehe achtsam mit Ihnen um. Alle Buntst\u00fccke sind Unikate und von Hand gefertigt. Aus diesem Grund k\u00f6nnen kleine Unebenheiten entstehen, die die Wirkung nicht beeintr\u00e4chtigen. Ja, sogar gew\u00fcnscht sind, weil ich Individualit\u00e4t sch\u00e4tze. Die Tr\u00e4gerin der Buntst\u00fccke sind eben auch einzigartig und haben Ecken und Kanten oder auch Rundungen.<\/em><\/p>\n","protected":false},"featured_media":4967,"comment_status":"open","ping_status":"closed","template":"","meta":{"advanced_seo_description":"","jetpack_seo_html_title":"","jetpack_seo_noindex":false},"product_brand":[],"product_cat":[59],"product_tag":[],"class_list":{"0":"post-4966","1":"product","2":"type-product","3":"status-publish","4":"has-post-thumbnail","6":"product_cat-kollektion-floretincelle","8":"first","9":"instock","10":"shipping-taxable","11":"purchasable","12":"product-type-simple"},"jetpack_sharing_enabled":true,"_links":{"self":[{"href":"https:\/\/www.buntstuecke.at\/index.php?rest_route=\/wp\/v2\/product\/4966","targetHints":{"allow":["GET"]}}],"collection":[{"href":"https:\/\/www.buntstuecke.at\/index.php?rest_route=\/wp\/v2\/product"}],"about":[{"href":"https:\/\/www.buntstuecke.at\/index.php?rest_route=\/wp\/v2\/types\/product"}],"replies":[{"embeddable":true,"href":"https:\/\/www.buntstuecke.at\/index.php?rest_route=%2Fwp%2Fv2%2Fcomments&post=4966"}],"wp:featuredmedia":[{"embeddable":true,"href":"https:\/\/www.buntstuecke.at\/index.php?rest_route=\/wp\/v2\/media\/4967"}],"wp:attachment":[{"href":"https:\/\/www.buntstuecke.at\/index.php?rest_route=%2Fwp%2Fv2%2Fmedia&parent=4966"}],"wp:term":[{"taxonomy":"product_brand","embeddable":true,"href":"https:\/\/www.buntstuecke.at\/index.php?rest_route=%2Fwp%2Fv2%2Fproduct_brand&post=4966"},{"taxonomy":"product_cat","embeddable":true,"href":"https:\/\/www.buntstuecke.at\/index.php?rest_route=%2Fwp%2Fv2%2Fproduct_cat&post=4966"},{"taxonomy":"product_tag","embeddable":true,"href":"https:\/\/www.buntstuecke.at\/index.php?rest_route=%2Fwp%2Fv2%2Fproduct_tag&post=4966"}],"curies":[{"name":"wp","href":"https:\/\/api.w.org\/{rel}","templated":true}]}}