{"id":5410,"date":"2026-01-06T21:00:20","date_gmt":"2026-01-06T20:00:20","guid":{"rendered":"http:\/\/www.buntstuecke.at\/?post_type=product&#038;p=5410"},"modified":"2026-01-08T12:46:05","modified_gmt":"2026-01-08T11:46:05","slug":"ohrringe-huella-floral-mohnblume","status":"publish","type":"product","link":"https:\/\/www.buntstuecke.at\/?product=ohrringe-huella-floral-mohnblume","title":{"rendered":"Ohrringe Huella Floral (Mohnblume)"},"content":{"rendered":"","protected":false},"excerpt":{"rendered":"<p>HANDMADE<\/p>\n<p>Ein Bl\u00fctenteil einer Mohnblume in einer goldenen Umrandung mit Epoxidharz \u00fcberzogen.<\/p>\n<p>Material: Vergoldeter Edelstahl (Creole und Umrandung)<\/p>\n<p><strong>Der Bl\u00fctenanh\u00e4nger ist abnehmbar und macht den Ohrring besonders vielseitig.<\/strong> Du kannst die Creole ganz schlicht solo tragen oder sie mit einem anderen Anh\u00e4nger kombinieren. Der Bl\u00fctenanh\u00e4nger ist als <strong>Wechselanh\u00e4nger<\/strong> gestaltet und l\u00e4sst sich jederzeit m\u00fchelos austauschen.<\/p>\n","protected":false},"featured_media":5417,"comment_status":"open","ping_status":"closed","template":"","meta":{"advanced_seo_description":"","jetpack_seo_html_title":"","jetpack_seo_noindex":false},"product_brand":[],"product_cat":[33,69],"product_tag":[],"class_list":{"0":"post-5410","1":"product","2":"type-product","3":"status-publish","4":"has-post-thumbnail","6":"product_cat-earrings","7":"product_cat-kollektion-huella-floral","9":"first","10":"instock","11":"taxable","12":"shipping-taxable","13":"purchasable","14":"product-type-simple"},"jetpack_sharing_enabled":true,"_links":{"self":[{"href":"https:\/\/www.buntstuecke.at\/index.php?rest_route=\/wp\/v2\/product\/5410","targetHints":{"allow":["GET"]}}],"collection":[{"href":"https:\/\/www.buntstuecke.at\/index.php?rest_route=\/wp\/v2\/product"}],"about":[{"href":"https:\/\/www.buntstuecke.at\/index.php?rest_route=\/wp\/v2\/types\/product"}],"replies":[{"embeddable":true,"href":"https:\/\/www.buntstuecke.at\/index.php?rest_route=%2Fwp%2Fv2%2Fcomments&post=5410"}],"wp:featuredmedia":[{"embeddable":true,"href":"https:\/\/www.buntstuecke.at\/index.php?rest_route=\/wp\/v2\/media\/5417"}],"wp:attachment":[{"href":"https:\/\/www.buntstuecke.at\/index.php?rest_route=%2Fwp%2Fv2%2Fmedia&parent=5410"}],"wp:term":[{"taxonomy":"product_brand","embeddable":true,"href":"https:\/\/www.buntstuecke.at\/index.php?rest_route=%2Fwp%2Fv2%2Fproduct_brand&post=5410"},{"taxonomy":"product_cat","embeddable":true,"href":"https:\/\/www.buntstuecke.at\/index.php?rest_route=%2Fwp%2Fv2%2Fproduct_cat&post=5410"},{"taxonomy":"product_tag","embeddable":true,"href":"https:\/\/www.buntstuecke.at\/index.php?rest_route=%2Fwp%2Fv2%2Fproduct_tag&post=5410"}],"curies":[{"name":"wp","href":"https:\/\/api.w.org\/{rel}","templated":true}]}}